{"id":42,"date":"2023-06-29T15:38:48","date_gmt":"2023-06-29T13:38:48","guid":{"rendered":"https:\/\/www2.summerpluskids.com\/altoadige\/?page_id=42"},"modified":"2025-10-29T12:39:03","modified_gmt":"2025-10-29T11:39:03","slug":"home-page","status":"publish","type":"page","link":"https:\/\/www2.summerpluskids.com\/altoadige\/","title":{"rendered":"Home page"},"content":{"rendered":"\n<div class=\"wp-block-uagb-container uagb-block-a9df74a2 alignfull uagb-is-root-container\">\n<div class=\"wp-block-uagb-container uagb-block-90f1574e\"><div class=\"uagb-container__shape uagb-container__shape-top uagb-container__shape-flip uagb-container__shape-above-content uagb-container__invert\"><svg xmlns=\"https:\/\/www.w3.org\/2000\/svg\" viewBox=\"0 0 2600 131.1\" preserveAspectRatio=\"none\"><path class=\"uagb-container__shape-fill\" d=\"M0 0L2600 0 2600 69.1 0 0z\"><\/path><path class=\"uagb-container__shape-fill\" opacity=\"0.5\" d=\"M0 0L2600 0 2600 69.1 0 69.1z\"><\/path><path class=\"uagb-container__shape-fill\" opacity=\"0.25\" d=\"M2600 0L0 0 0 130.1 2600 69.1z\"><\/path><\/svg><\/div>\n<h3 class=\"wp-block-heading\"><strong>L&#8217;estate con i bambini in Alto Adige<\/strong><\/h3>\n\n\n\n<p>Proposte e itinerari sperimentati da altri genitori prima di te, per andare sul sicuro e vivere un\u2019esperienza da sogno senza intoppi. Trovi singole esperienze quotidiane, piene di dritte e consigli, che potrai replicare con la tua famiglia.<\/p>\n<\/div>\n\n\n\n<div class=\"wp-block-uagb-container uagb-block-51ea4330\"><\/div>\n<\/div>\n\n\n\n<div class=\"wp-block-uagb-container uagb-block-9b9c9fab alignfull uagb-is-root-container\"><div class=\"uagb-container-inner-blocks-wrap\">\n<div data-aos= \"fade-down\" data-aos-duration=\"400\" data-aos-delay=\"0\" data-aos-easing=\"ease\" data-aos-once=\"true\" class=\"wp-block-uagb-container uagb-block-0f94acbb\">\n<h2 class=\"wp-block-heading has-text-align-center\" style=\"margin-top:0;margin-right:0;margin-bottom:0;margin-left:0\">Racconta&nbsp;la tua esperienza<\/h2>\n\n\n\n<p class=\"has-text-align-center\" style=\"margin-top:0;margin-right:0;margin-bottom:0;margin-left:0;padding-top:0;padding-right:var(--wp--preset--spacing--80);padding-bottom:0;padding-left:var(--wp--preset--spacing--80)\">Diventa un autore o un&#8217;autrice e condividi con gli altri genitori le tue vacanze d\u2019estate in Alto Adige. Crea un profilo, puoi raccontare di un percorso o un itinerario che \u00e8 piaciuto alla tua famiglia, oppure di un parco&nbsp;avventura, un museo o una piscina.<br>Racconta le singole attivit\u00e0 che hanno reso speciale la tua vacanza e condividi la tua esperienza con le altre famiglie.<\/p>\n\n\n\n<div class=\"wp-block-buttons is-content-justification-center is-layout-flex wp-container-core-buttons-is-layout-a89b3969 wp-block-buttons-is-layout-flex\">\n<div class=\"wp-block-button\"><a class=\"wp-block-button__link wp-element-button\" href=\"https:\/\/www2.summerpluskids.com\/altoadige\/racconta-la-tua-esperienza\/\" style=\"border-style:none;border-width:0px;border-radius:20px;box-shadow:var(--wp--preset--shadow--deep)\">SCRIVI UN ARTICOLO<\/a><\/div>\n<\/div>\n<\/div>\n\n\n\n<div class=\"wp-block-uagb-container uagb-block-94dd5192\">\n<div data-aos= \"fade-up\" data-aos-duration=\"400\" data-aos-delay=\"0\" data-aos-easing=\"ease\" data-aos-once=\"true\" class=\"wp-block-uagb-container uagb-block-a11ed66d\">\n<div class=\"wp-block-uagb-container uagb-block-b83cbe2d\">\n<div class=\"wp-block-uagb-image aligncenter uagb-block-515b2ec8 wp-block-uagb-image--layout-default wp-block-uagb-image--effect-static wp-block-uagb-image--align-center\"><figure class=\"wp-block-uagb-image__figure\"><img decoding=\"async\" srcset=\"https:\/\/www2.summerpluskids.com\/altoadige\/wp-content\/uploads\/sites\/2\/2023\/07\/icon-percorso.png \" sizes=\"auto, (max-width: 480px) 150px\" src=\"https:\/\/www2.summerpluskids.com\/altoadige\/wp-content\/uploads\/sites\/2\/2023\/07\/icon-percorso.png\" alt=\"\" class=\"uag-image-108\" width=\"94\" height=\"90\" title=\"\" loading=\"lazy\" role=\"img\"\/><\/figure><\/div>\n\n\n\n<h3 class=\"wp-block-heading has-text-align-center\" style=\"margin-top:var(--wp--preset--spacing--30);margin-right:var(--wp--preset--spacing--30);margin-bottom:var(--wp--preset--spacing--30);margin-left:var(--wp--preset--spacing--30);padding-top:0;padding-right:0;padding-bottom:0;padding-left:0\">Percorsi<\/h3>\n\n\n\n<p style=\"margin-top:0;margin-right:0;margin-bottom:var(--wp--preset--spacing--50);margin-left:0;padding-top:0;padding-right:0;padding-bottom:0;padding-left:0\">Singoli percorsi sperimentati dalla tua famiglia con consigli e dritte su ci\u00f2 che conta per vivere al meglio l\u2019esperienza in montagna in base all\u2019et\u00e0 dei tuoi bambini.<\/p>\n<\/div>\n<\/div>\n\n\n\n<div data-aos= \"fade-up\" data-aos-duration=\"400\" data-aos-delay=\"0\" data-aos-easing=\"ease\" data-aos-once=\"true\" class=\"wp-block-uagb-container uagb-block-35129138\">\n<div class=\"wp-block-uagb-container uagb-block-2d5bc8c6\">\n<div class=\"wp-block-uagb-image aligncenter uagb-block-c81e783c wp-block-uagb-image--layout-default wp-block-uagb-image--effect-static wp-block-uagb-image--align-center\"><figure class=\"wp-block-uagb-image__figure\"><img decoding=\"async\" srcset=\"https:\/\/www2.summerpluskids.com\/altoadige\/wp-content\/uploads\/sites\/2\/2023\/07\/icon-attivita.png ,https:\/\/www2.summerpluskids.com\/altoadige\/wp-content\/uploads\/sites\/2\/2023\/07\/icon-attivita.png 780w, https:\/\/www2.summerpluskids.com\/altoadige\/wp-content\/uploads\/sites\/2\/2023\/07\/icon-attivita.png 360w\" sizes=\"auto, (max-width: 480px) 150px\" src=\"https:\/\/www2.summerpluskids.com\/altoadige\/wp-content\/uploads\/sites\/2\/2023\/07\/icon-attivita.png\" alt=\"\" class=\"uag-image-109\" width=\"158\" height=\"90\" title=\"icon-attivita\" loading=\"lazy\" role=\"img\"\/><\/figure><\/div>\n\n\n\n<h3 class=\"wp-block-heading has-text-align-center\" style=\"margin-top:var(--wp--preset--spacing--30);margin-right:var(--wp--preset--spacing--30);margin-bottom:var(--wp--preset--spacing--30);margin-left:var(--wp--preset--spacing--30);padding-top:0;padding-right:0;padding-bottom:0;padding-left:0\">Attivit\u00e0<\/h3>\n\n\n\n<p style=\"margin-top:0;margin-right:0;margin-bottom:var(--wp--preset--spacing--50);margin-left:0;padding-top:0;padding-right:0;padding-bottom:0;padding-left:0\">Le attivit\u00e0 si riferiscono ad un luogo circoscritto, come una struttura, un museo, un parco avventura o una piscina. Il focus \u00e8 sul luogo pi\u00f9 che sul movimento.<\/p>\n<\/div>\n<\/div>\n\n\n\n<div data-aos= \"fade-up\" data-aos-duration=\"400\" data-aos-delay=\"0\" data-aos-easing=\"ease\" data-aos-once=\"true\" class=\"wp-block-uagb-container uagb-block-24d77063\">\n<div class=\"wp-block-uagb-container uagb-block-08921526\">\n<div class=\"wp-block-uagb-image aligncenter uagb-block-7bda0854 wp-block-uagb-image--layout-default wp-block-uagb-image--effect-static wp-block-uagb-image--align-center\"><figure class=\"wp-block-uagb-image__figure\"><img decoding=\"async\" srcset=\"https:\/\/www2.summerpluskids.com\/altoadige\/wp-content\/uploads\/sites\/2\/2023\/07\/bicycle.png \" sizes=\"auto, (max-width: 480px) 150px\" src=\"https:\/\/www2.summerpluskids.com\/altoadige\/wp-content\/uploads\/sites\/2\/2023\/07\/bicycle.png\" alt=\"\" class=\"uag-image-107\" width=\"100\" height=\"100\" title=\"\" loading=\"lazy\" role=\"img\"\/><\/figure><\/div>\n\n\n\n<div class=\"wp-block-group is-content-justification-center is-nowrap is-layout-flex wp-container-core-group-is-layout-23441af8 wp-block-group-is-layout-flex\">\n<h3 class=\"wp-block-heading has-text-align-center\" style=\"margin-top:var(--wp--preset--spacing--30);margin-right:var(--wp--preset--spacing--30);margin-bottom:var(--wp--preset--spacing--30);margin-left:var(--wp--preset--spacing--30);padding-top:0;padding-right:0;padding-bottom:0;padding-left:0\">Bici<\/h3>\n<\/div>\n\n\n\n<p style=\"margin-top:0;margin-right:0;margin-bottom:var(--wp--preset--spacing--50);margin-left:0;padding-top:0;padding-right:0;padding-bottom:0;padding-left:0\">Racconta il tuo percorso in bicicletta assieme ai bambini. Compila la scheda con le informazioni che ricordi e dai qualche consiglio alle famiglie come la tua. <\/p>\n<\/div>\n<\/div>\n<\/div>\n<\/div><\/div>\n\n\n\n<p><\/p>\n","protected":false},"excerpt":{"rendered":"<p>L&#8217;estate con i bambini in Alto Adige Proposte e itinerari sperimentati da altri genitori prima di te, per andare sul sicuro e vivere un\u2019esperienza da sogno senza intoppi. Trovi singole esperienze quotidiane, piene di dritte e consigli, che potrai replicare con la tua famiglia. Racconta&nbsp;la tua esperienza Diventa un autore o un&#8217;autrice e condividi con [&hellip;]<\/p>\n","protected":false},"author":1,"featured_media":0,"parent":0,"menu_order":0,"comment_status":"closed","ping_status":"closed","template":"","meta":{"_acf_changed":false,"_uag_custom_page_level_css":"","site-sidebar-layout":"default","site-content-layout":"","ast-site-content-layout":"default","site-content-style":"default","site-sidebar-style":"default","ast-global-header-display":"","ast-banner-title-visibility":"","ast-main-header-display":"","ast-hfb-above-header-display":"","ast-hfb-below-header-display":"","ast-hfb-mobile-header-display":"","site-post-title":"disabled","ast-breadcrumbs-content":"","ast-featured-img":"","footer-sml-layout":"","theme-transparent-header-meta":"","adv-header-id-meta":"","stick-header-meta":"","header-above-stick-meta":"","header-main-stick-meta":"","header-below-stick-meta":"","astra-migrate-meta-layouts":"set","ast-page-background-enabled":"default","ast-page-background-meta":{"desktop":{"background-color":"var(--ast-global-color-4)","background-image":"","background-repeat":"repeat","background-position":"center center","background-size":"auto","background-attachment":"scroll","background-type":"","background-media":"","overlay-type":"","overlay-color":"","overlay-opacity":"","overlay-gradient":""},"tablet":{"background-color":"","background-image":"","background-repeat":"repeat","background-position":"center center","background-size":"auto","background-attachment":"scroll","background-type":"","background-media":"","overlay-type":"","overlay-color":"","overlay-opacity":"","overlay-gradient":""},"mobile":{"background-color":"","background-image":"","background-repeat":"repeat","background-position":"center center","background-size":"auto","background-attachment":"scroll","background-type":"","background-media":"","overlay-type":"","overlay-color":"","overlay-opacity":"","overlay-gradient":""}},"ast-content-background-meta":{"desktop":{"background-color":"var(--ast-global-color-5)","background-image":"","background-repeat":"repeat","background-position":"center center","background-size":"auto","background-attachment":"scroll","background-type":"","background-media":"","overlay-type":"","overlay-color":"","overlay-opacity":"","overlay-gradient":""},"tablet":{"background-color":"var(--ast-global-color-5)","background-image":"","background-repeat":"repeat","background-position":"center center","background-size":"auto","background-attachment":"scroll","background-type":"","background-media":"","overlay-type":"","overlay-color":"","overlay-opacity":"","overlay-gradient":""},"mobile":{"background-color":"var(--ast-global-color-5)","background-image":"","background-repeat":"repeat","background-position":"center center","background-size":"auto","background-attachment":"scroll","background-type":"","background-media":"","overlay-type":"","overlay-color":"","overlay-opacity":"","overlay-gradient":""}},"footnotes":""},"class_list":["post-42","page","type-page","status-publish","hentry"],"acf":[],"uagb_featured_image_src":{"full":false,"thumbnail":false,"medium":false,"medium_large":false,"large":false,"1536x1536":false,"2048x2048":false,"gform-image-choice-sm":false,"gform-image-choice-md":false,"gform-image-choice-lg":false},"uagb_author_info":{"display_name":"fucine","author_link":"https:\/\/www2.summerpluskids.com\/altoadige\/author\/admin\/"},"uagb_comment_info":0,"uagb_excerpt":"L&#8217;estate con i bambini in Alto Adige Proposte e itinerari sperimentati da altri genitori prima di te, per andare sul sicuro e vivere un\u2019esperienza da sogno senza intoppi. Trovi singole esperienze quotidiane, piene di dritte e consigli, che potrai replicare con la tua famiglia. Racconta&nbsp;la tua esperienza Diventa un autore o un&#8217;autrice e condividi con&hellip;","_links":{"self":[{"href":"https:\/\/www2.summerpluskids.com\/altoadige\/wp-json\/wp\/v2\/pages\/42","targetHints":{"allow":["GET"]}}],"collection":[{"href":"https:\/\/www2.summerpluskids.com\/altoadige\/wp-json\/wp\/v2\/pages"}],"about":[{"href":"https:\/\/www2.summerpluskids.com\/altoadige\/wp-json\/wp\/v2\/types\/page"}],"author":[{"embeddable":true,"href":"https:\/\/www2.summerpluskids.com\/altoadige\/wp-json\/wp\/v2\/users\/1"}],"replies":[{"embeddable":true,"href":"https:\/\/www2.summerpluskids.com\/altoadige\/wp-json\/wp\/v2\/comments?post=42"}],"version-history":[{"count":22,"href":"https:\/\/www2.summerpluskids.com\/altoadige\/wp-json\/wp\/v2\/pages\/42\/revisions"}],"predecessor-version":[{"id":758,"href":"https:\/\/www2.summerpluskids.com\/altoadige\/wp-json\/wp\/v2\/pages\/42\/revisions\/758"}],"wp:attachment":[{"href":"https:\/\/www2.summerpluskids.com\/altoadige\/wp-json\/wp\/v2\/media?parent=42"}],"curies":[{"name":"wp","href":"https:\/\/api.w.org\/{rel}","templated":true}]}}