{"id":22,"date":"2023-06-29T14:04:40","date_gmt":"2023-06-29T12:04:40","guid":{"rendered":"https:\/\/www2.summerpluskids.com\/altoadige\/?page_id=22"},"modified":"2025-10-06T15:29:28","modified_gmt":"2025-10-06T13:29:28","slug":"family-card-gratuite","status":"publish","type":"page","link":"https:\/\/www2.summerpluskids.com\/altoadige\/info-utili\/family-card-gratuite\/","title":{"rendered":"Family card gratuite"},"content":{"rendered":"\n<div class=\"wp-block-uagb-container uagb-block-2298e2b8 alignfull uagb-is-root-container\"><div class=\"uagb-container__shape uagb-container__shape-top\"><svg xmlns=\"https:\/\/www.w3.org\/2000\/svg\" viewBox=\"0 0 2600 131.1\" preserveAspectRatio=\"none\"><path class=\"uagb-container__shape-fill\" d=\"M0 0L2600 0 2600 69.1 0 0z\"><\/path><path class=\"uagb-container__shape-fill\" opacity=\"0.5\" d=\"M0 0L2600 0 2600 69.1 0 69.1z\"><\/path><path class=\"uagb-container__shape-fill\" opacity=\"0.25\" d=\"M2600 0L0 0 0 130.1 2600 69.1z\"><\/path><\/svg><\/div><div class=\"uagb-container__shape uagb-container__shape-bottom uagb-container__shape-flip uagb-container__invert\" data-negative=\"false\"><svg xmlns=\"https:\/\/www.w3.org\/2000\/svg\" viewBox=\"0 0 283.5 19.6\" preserveAspectRatio=\"none\"><path class=\"uagb-container__shape-fill\" opacity=\"0.33\" d=\"M0 0L0 18.8 141.8 4.1 283.5 18.8 283.5 0z\"><\/path><path class=\"uagb-container__shape-fill\" opacity=\"0.33\" d=\"M0 0L0 12.6 141.8 4 283.5 12.6 283.5 0z\"><\/path><path class=\"uagb-container__shape-fill\" opacity=\"0.33\" d=\"M0 0L0 6.4 141.8 4 283.5 6.4 283.5 0z\"><\/path><path class=\"uagb-container__shape-fill\" d=\"M0 0L0 1.2 141.8 4 283.5 1.2 283.5 0z\"><\/path><\/svg><\/div><div class=\"uagb-container-inner-blocks-wrap\">\n<div class=\"wp-block-uagb-container uagb-block-d66257ef\">\n<div class=\"wp-block-uagb-container uagb-block-a596456d\">\n<div class=\"wp-block-uagb-advanced-heading uagb-block-8dd0ecef\"><h1 class=\"uagb-heading-text\">Family card gratuite<\/h1><\/div>\n<\/div>\n<\/div>\n<\/div><\/div>\n\n\n\n<h2 class=\"wp-block-heading\">Un bel vantaggio!<\/h2>\n\n\n\n<p>Alloggiando nelle strutture convenzionate (l\u2019assoluta maggioranza, sia hotel sia appartamenti)&nbsp;<strong>avrete in regalo una card<\/strong>&nbsp;che vi permetter\u00e0 di muovervi gratuitamente sui&nbsp;<strong>mezzi pubblici<\/strong>&nbsp;e godere di&nbsp;<strong>sconti<\/strong>&nbsp;nei&nbsp;<strong>musei, negozi e servizi<\/strong>. Le card sono un valido aiuto al portafoglio delle famiglie, perch\u00e9 alcune comprendono l\u2019<strong>accesso gratuito ad alcune funivie<\/strong>, e questo incide parecchio nella spesa. Se avete bambini innamorati delle funivie \u00e8 un gran vantaggio poter salire e scendere a piacimento senza preoccuparsi dei costi da sostenere. Per fare un esempio, se abitate a Valles, riceverete la&nbsp;<strong>Almencard plus<\/strong>&nbsp;e ipoteticamente, se non vi va di andare lontano, non dovrete sostenere il costo delle funivie l\u00ec intorno, per un&nbsp;<strong>risparmio<\/strong>&nbsp;in una settimana per due adulti di 224\u20ac. Mica male! Oppure potreste decidere di prendere il treno e poi tornare in&nbsp;<strong>bicicletta<\/strong>&nbsp;in una delle tante piste ciclabili (il treno sar\u00e0 gratis e avrete uno sconto sul noleggio). Nemmeno a dirlo i mezzi pubblici funzionano benissimo e il&nbsp;<strong>treno<\/strong>&nbsp;\u00e8 molto bello, pensato per accogliere&nbsp;<strong>passeggini e biciclette<\/strong>.<\/p>\n\n\n\n<p><strong>Le card non sono tutte uguali<\/strong>&nbsp;e purtroppo non tutte sono cos\u00ec convenienti, l\u2019offerta cambia in base alla zona di residenza, e alcune aree non le prevedono, come la Val Badia, dove se vorrete l\u2019accesso illimitato ai mezzi pubblici e alle funivie dovrete acquistare delle card a pagamento.&nbsp;<\/p>\n\n\n\n<p><strong>Nota importante<\/strong>: le tessere<strong>&nbsp;devono essere convalidate ad ogni viaggio nei mezzi pubblici<\/strong>, nelle apposite macchinette.<\/p>\n\n\n\n<p>Vediamo quali sono le principali card gratuite:<\/p>\n\n\n\n<div class=\"wp-block-uagb-tabs uagb-block-a2570fde uagb-tabs__wrap uagb-tabs__vstyle7-desktop uagb-tabs__vstyle6-tablet uagb-tabs__stack1-mobile\" data-tab-active=\"0\"><ul class=\"uagb-tabs__panel uagb-tabs__align-left\" role=\"tablist\"><li class=\"uagb-tab uagb-tabs__active\" role=\"none\"><a href=\"#uagb-tabs__tab0\" class=\"uagb-tabs-list uagb-tabs__icon-position-left\" data-tab=\"0\" role=\"tab\"><div>VAL PUSTERIA<\/div><\/a><\/li><li class=\"uagb-tab \" role=\"none\"><a href=\"#uagb-tabs__tab1\" class=\"uagb-tabs-list uagb-tabs__icon-position-left\" data-tab=\"1\" role=\"tab\"><div>VALLE ISARCO &#8211; BRESSANONE<\/div><\/a><\/li><li class=\"uagb-tab \" role=\"none\"><a href=\"#uagb-tabs__tab2\" class=\"uagb-tabs-list uagb-tabs__icon-position-left\" data-tab=\"2\" role=\"tab\"><div>\u00a0VALLE AURINA<\/div><\/a><\/li><li class=\"uagb-tab \" role=\"none\"><a href=\"#uagb-tabs__tab3\" class=\"uagb-tabs-list uagb-tabs__icon-position-left\" data-tab=\"3\" role=\"tab\"><div>MERANO E DINTORNI<\/div><\/a><\/li><li class=\"uagb-tab \" role=\"none\"><a href=\"#uagb-tabs__tab4\" class=\"uagb-tabs-list uagb-tabs__icon-position-left\" data-tab=\"4\" role=\"tab\"><div>VAL VENOSTA<\/div><\/a><\/li><li class=\"uagb-tab \" role=\"none\"><a href=\"#uagb-tabs__tab5\" class=\"uagb-tabs-list uagb-tabs__icon-position-left\" data-tab=\"5\" role=\"tab\"><div>VAL GARDENA<\/div><\/a><\/li><\/ul><div class=\"uagb-tabs__body-wrap\">\n<div class=\"wp-block-uagb-tabs-child uagb-tabs__body-container uagb-inner-tab-0\" aria-labelledby=\"uagb-tabs__tab0\">\n<p>Questa card \u00e8 davvero completa e sar\u00e0 un motivo in pi\u00f9 per scegliere la Val Pusteria \u2013 come se ci fosse bisogno di un incoraggiamento \u2013 per le vostre vacanze.<\/p>\n\n\n\n<ul class=\"wp-block-list\">\n<li>utilizzo senza limiti della cabinovia&nbsp;<strong>Gitschberg Maranza<\/strong>&nbsp;(porta a un bel parco giochi e a una vista mozzafiato)<\/li>\n\n\n\n<li>Utilizzo senza limiti della cabinovia&nbsp;<strong>Jochtal Valles<\/strong>&nbsp;(anche qui trovate dei bei giochi, tanti percorsi e un rifugio in particolare che merita molto)<\/li>\n<\/ul>\n\n\n\n<h3 class=\"wp-block-heading\">Per tutta la stagione estiva:<\/h3>\n\n\n\n<ul class=\"wp-block-list\">\n<li>Utilizzo dell\u2019autobus da Rio di Pusteria all\u2019Alpe di Rodengo-Luson<\/li>\n\n\n\n<li>Ingresso convenzionato per la\u00a0<strong>piscina Alpinpool<\/strong>\u00a0presso le strutture partner (ideale per le giornate di pioggia, si accede a pochi euro<\/li>\n\n\n\n<li>Programma settimanale di attivit\u00e0 guidate: escursioni, visite culturali, attivit\u00e0 per famiglie e bambini, tour tematici, tour in e-bike, passeggiate con temi particolari, eventi locali<\/li>\n\n\n\n<li>Ingresso a pi\u00f9 di 90 musei e collezioni in tutto l\u2018Alto Adige<\/li>\n\n\n\n<li>Viaggi illimitati con tutti i mezzi pubblici del&nbsp;<strong>Trasporto Integrato Alto Adige<\/strong>:&nbsp;<strong>bus<\/strong>,&nbsp;<strong>treno<\/strong>&nbsp;e le seguenti funivie:\n<ul class=\"wp-block-list\">\n<li>Funivia Rio di Pusteria-Maranza<\/li>\n\n\n\n<li>Funivia Bolzano \u2013 San Genesio<\/li>\n\n\n\n<li>Funivia Bolzano \u2013 Colle<\/li>\n\n\n\n<li>Funivia Meltina<\/li>\n\n\n\n<li>Funivia Postal \u2013 Verano<\/li>\n\n\n\n<li>Funivia Renon con trenino<\/li>\n\n\n\n<li>Funicolare della Mendola<\/li>\n<\/ul>\n<\/li>\n<\/ul>\n\n\n\n<p>Qui altre info:&nbsp;<a href=\"https:\/\/www.riopusteria.it\/it\/pianificazione-vacanza\/almencard\" target=\"_blank\" rel=\"noreferrer noopener\">riopusteria.it<\/a><\/p>\n<\/div>\n\n\n\n<div class=\"wp-block-uagb-tabs-child uagb-tabs__body-container uagb-inner-tab-1\" aria-labelledby=\"uagb-tabs__tab1\">\n<p>Ottima anche la&nbsp;<strong>BrixenCard<\/strong>, che&nbsp;vi garantisce numerosi vantaggi tra cui la&nbsp;<strong>cabinovia della Plose<\/strong>, una vera gioia per grandi e piccini. Vediamoli nel dettaglio:&nbsp;<\/p>\n\n\n\n<ul class=\"wp-block-list\">\n<li><strong>Tutti i mezzi pubblici del Trasporto Integrato Alto Adige<\/strong><br>La BrixenCard, infatti, consente di utilizzare gratuitamente anche le funivie del Renon, di Maranza, di San Genesio, di Meltina, di Verano e di Colle nonch\u00e9 il treno a scartamento ridotto del Renon, la funicolare della Mendola e il Treno Val Venosta.<\/li>\n\n\n\n<li><strong>Citybus Bressanone<\/strong><br>Con la BrixenCard usufruite di tutti i vantaggi del Citybus di Bressanone, con il quale, grazie a un orario comodo e flessibile, raggiungete facilmente i punti di partenza delle vostre gite ed escursioni nei dintorni di Bressanone.La BrixenCard, inoltre, offre l\u2019utilizzo gratuito e illimitato dei seguenti mezzi pubblici:<ol><li>Tutti i treni regionali in Alto Adige fino a Trento (contrassegnati nell\u2019orario con una R))<\/li><li>Tutti gli autobus urbani ed extraurbani in Alto Adige<\/li><li>Le funivie di Renon, Maranza, San Genesio, Meltina, Verano e Colle<\/li><li>Il trenino del Renon e la funicolare della Mendola<\/li><li>Un\u2019andata e ritorno con l\u2019AutoPostale Svizzera da Malles a M\u00fcstair<\/li><\/ol>Convalida: sui mezzi pubblici la tessera deve essere convalidata a ogni viaggio; non \u00e8 necessario indicare il luogo di destinazione.&nbsp;<\/li>\n\n\n\n<li><strong>un\u2019andata e ritorno al giorno con la cabinovia Plose<\/strong><br>Che sia estate o inverno, la montagna dei brissinesi \u00e8 un fascino per tutti coloro che cercano sport e ricreazione. Godetevi la meravigliosa vista panoramica a 2.500 metri sulle Dolomiti, patrimonio mondiale UNESCO. Con la BrixenCard, ogni giorno avete diritto a un\u2019andata e ritorno con la cabinovia della Plose o del Monte Fana.<\/li>\n\n\n\n<li><strong>un ingresso gratuito giornaliero all\u2019Acquarena<\/strong><br>Acquarena \u2013 un\u2019onda di divertimento! All\u2019Acquarena tutti i sogni acquatici vengono esauditi: vasca sportiva da 25 m e vasca olimpionica esterna, vasca divertimento con vortice e scivolo, vasca con acqua salina e vasca per bambini con scivolo. In estate, poi, il piacere raddoppia con complessivi 3.000mq di acqua e un fantastico prato con area giochi e campetti sportivi.Il vostro vantaggio: ingresso libero in piscina (escluso domenica e festivi) per 2,5h (stagione invernale) oppure 3h (stagione estiva) \u2013 entrata soggetta alle condizioni di contratto Brixen Card.<\/li>\n\n\n\n<li><strong>ingresso gratuito in quasi tutti i musei dell\u2019Alto Adige<\/strong><br>Ora tutti i monumenti e le bellezze artistiche e culturali di Bressanone e dei suoi dintorni sono doppiamente attraenti. Grazie alla BrixenCard potete visitare gratuitamente quasi 90 musei in Alto Adige, dal Museo Diocesano con i suoi inestimabili tesori al Museo Archeologico con il famoso \u201c\u00d6tzi\u201d, l\u2019Uomo venuto dal ghiaccio.<\/li>\n<\/ul>\n\n\n\n<p><a href=\"https:\/\/www.brixen.org\/media\/f7a8ab60-33e4-47e4-962e-de8f6cd5a72b\/museumobil-card-ital.pdf\">In quali musei \u00e8 gratuito l\u2019ingresso con Brixencard?<\/a><\/p>\n\n\n\n<ul class=\"wp-block-list\">\n<li><strong>un vasto programma culturale ed escursionistico<\/strong><br>La BrixenCard apre nuove prospettive agli amanti di arte e natura. Il nostro programma culturale ed escursionistico, interessante e vario, vi invita a scoprire la citt\u00e0 e i suoi dintorni gratuitamente.<\/li>\n<\/ul>\n<\/div>\n\n\n\n<div class=\"wp-block-uagb-tabs-child uagb-tabs__body-container uagb-inner-tab-2\" aria-labelledby=\"uagb-tabs__tab2\">\n<p>Qui la tessera conviene meno, infatti gli impianti di risalita sono gratuiti solo in maggio e giugno, un gran peccato!<\/p>\n\n\n\n<p>Ne troverete di pi\u00f9 tipi, la <em>GuestPass museumobil<\/em> o la <em>Holidaypass<\/em>. <\/p>\n\n\n\n<p>Il pass include:<\/p>\n\n\n\n<ul class=\"wp-block-list\">\n<li>Uso gratuito di autobus e treni in tutto l\u2019Alto Adige; \u00e8 compreso il trasporto pubblico integrato.<\/li>\n\n\n\n<li>L\u2019ingresso gratuito in oltre 80 musei partecipanti nell\u2019Alto Adige. Nella zona Valle Aurina, alcuni esempi: il Museo provinciale delle Miniere di Predoi, il Museo Granaio a Cadipietra, il Museo dei Minerali \u201cKirchler\u201d a San Giovanni, il Museo Maranatha dei presepi a Lutago, il Castello di Tures, il museo \u201cMagia dell\u2019Acqua\u201d a Selva dei Molini\/Lappago<\/li>\n\n\n\n<li>Attivit\u00e0 guidate, tour, escursioni, eventi locali in programma disponibile per i possessori della tessera.&nbsp;<\/li>\n\n\n\n<li>Vari sconti in partner locali, per servizi turistici, attivit\u00e0, ecc.<\/li>\n\n\n\n<li>Nei mesi di maggio e giugno le funivie Klausberg e Speikboden sono incluse per gli ospiti.<\/li>\n<\/ul>\n\n\n\n<p><\/p>\n<\/div>\n\n\n\n<div class=\"wp-block-uagb-tabs-child uagb-tabs__body-container uagb-inner-tab-3\" aria-labelledby=\"uagb-tabs__tab3\">\n<p>a Merano e dintorni \u00e8 disponibile l&#8217;Alto Adige Guest Pass, una carta vantaggi offerta gratuitamente agli ospiti che soggiornano in strutture ricettive aderenti all&#8217;iniziativa. Questa tessera offre numerosi vantaggi per esplorare la regione in modo sostenibile e conveniente.<br><br>La carta consente l&#8217;uso gratuito e illimitato di tutti i mezzi di trasporto pubblico in Alto Adige, inclusi:<\/p>\n\n\n\n<ul class=\"wp-block-list\">\n<li><strong>Treni regionali<\/strong>\u00a0(ad esempio, Brennero\u2013Trento, Malles\u2013San Candido)<\/li>\n\n\n\n<li><strong>Autobus pubblici<\/strong>\u00a0(urbani, interurbani, citybus)<\/li>\n\n\n\n<li><strong>Funivie pubbliche<\/strong>: Verano, Meltina, Renon, Colle, Maranza<\/li>\n\n\n\n<li><strong>Trenino del Renon<\/strong>\u00a0e\u00a0<strong>funicolare della Mendola<\/strong><\/li>\n\n\n\n<li><strong>Autobus diretti VVT<\/strong>\u00a0(linea 273 tra Malles e Kajetansbr\u00fccke)<\/li>\n\n\n\n<li><strong>Timmelsbus<\/strong>\u00a0(linea 335 tra Moos\u2013Timmelsjoch\u2013Obergurgl; i pedaggi devono essere pagati separatamente)<\/li>\n<\/ul>\n\n\n\n<p><strong>Ingresso a musei<\/strong><\/p>\n\n\n\n<p>L&#8217;Alto Adige Guest Pass offre l&#8217;ingresso gratuito o scontato a oltre 80 musei in tutta la regione, permettendo di scoprire la ricca storia e cultura locale.<\/p>\n\n\n\n<p><strong>Attivit\u00e0 e offerte speciali<\/strong><\/p>\n\n\n\n<p>A seconda della localit\u00e0, la carta pu\u00f2 includere ulteriori vantaggi, come sconti su attivit\u00e0 locali, eventi speciali e workshop. Ad esempio, a Lagundo, gli ospiti possono partecipare a eventi o workshop senza costi aggiuntivi.<\/p>\n<\/div>\n\n\n\n<div class=\"wp-block-uagb-tabs-child uagb-tabs__body-container uagb-inner-tab-4\" aria-labelledby=\"uagb-tabs__tab4\">\n<p>in Val Venosta \u00e8 disponibile la\u00a0<strong>VenostaCard<\/strong>, una carta vantaggi offerta gratuitamente agli ospiti che soggiornano in strutture aderenti all&#8217;iniziativa. Questa tessera offre numerosi vantaggi per esplorare la regione in modo sostenibile e conveniente.<br><br><strong>Trasporti pubblici gratuiti<\/strong><\/p>\n\n\n\n<p>La carta consente l&#8217;uso gratuito e illimitato di tutti i mezzi di trasporto pubblico in Alto Adige, inclusi:<\/p>\n\n\n\n<ul class=\"wp-block-list\">\n<li><strong>Treni regionali<\/strong>\u00a0(ad esempio, la ferrovia della Val Venosta)<\/li>\n\n\n\n<li><strong>Autobus pubblici<\/strong>\u00a0(urbani, interurbani, citybus)<\/li>\n\n\n\n<li><strong>Funivie pubbliche<\/strong>: Renon, Meltina, Maranza, San Genesio, Verano<\/li>\n\n\n\n<li><strong>Trenino del Renon<\/strong>\u00a0e\u00a0<strong>funicolare della Mendola<\/strong><\/li>\n\n\n\n<li><strong>Autobus diretti VVT<\/strong>\u00a0(linea 273 tra Malles e Kajetansbr\u00fccke)<\/li>\n<\/ul>\n\n\n\n<p><strong>Ingresso a musei<\/strong><\/p>\n\n\n\n<p>La VenostaCard offre l&#8217;ingresso gratuito o scontato a numerosi musei in tutta la regione, permettendo di scoprire la ricca storia e cultura locale.<\/p>\n\n\n\n<p><strong>Attivit\u00e0 e offerte speciali<\/strong><\/p>\n\n\n\n<p>A seconda della localit\u00e0, la carta pu\u00f2 includere ulteriori vantaggi, come sconti su attivit\u00e0 locali, eventi speciali e workshop. Ad esempio, a Lagundo, gli ospiti possono partecipare a eventi o workshop senza costi aggiuntivi.<\/p>\n<\/div>\n\n\n\n<div class=\"wp-block-uagb-tabs-child uagb-tabs__body-container uagb-inner-tab-5\" aria-labelledby=\"uagb-tabs__tab5\">\n<p>Qui la situazione \u00e8 molto meno interessante, infatti la Val Gardena prevede una card a pagamento che d\u00e0 l&#8217;accesso agli impianti di risalita e quindi non li regalano di certo con il pass gratuito per gli ospiti. <\/p>\n\n\n\n<p>Agli ospiti \u00e8 fornita la <strong>Val Gardena Guest Pass<\/strong> che come tutte le altre card offre mobilit\u00e0 gratuita, ovvero uso illimitato degli autobus pubblici in Val Gardena (eccetto alcune linee speciali come Nightbus e bus Monte Pana\/Saltria). <br>In pi\u00f9, uso di quasi tutti i mezzi di trasporto pubblico Alto Adige.<\/p>\n\n\n\n<p>Invece, la Val Gardena Card, a pagamento, permette l\u2019uso illimitato degli impianti di risalita aderenti (funivie, seggiovie, cabinovie) durante il periodo estivo in Val Gardena.<\/p>\n<\/div>\n<\/div><\/div>\n\n\n\n<p><\/p>\n","protected":false},"excerpt":{"rendered":"<p>Family card gratuite Un bel vantaggio! Alloggiando nelle strutture convenzionate (l\u2019assoluta maggioranza, sia hotel sia appartamenti)&nbsp;avrete in regalo una card&nbsp;che vi permetter\u00e0 di muovervi gratuitamente sui&nbsp;mezzi pubblici&nbsp;e godere di&nbsp;sconti&nbsp;nei&nbsp;musei, negozi e servizi. Le card sono un valido aiuto al portafoglio delle famiglie, perch\u00e9 alcune comprendono l\u2019accesso gratuito ad alcune funivie, e questo incide parecchio nella [&hellip;]<\/p>\n","protected":false},"author":1,"featured_media":377,"parent":14,"menu_order":0,"comment_status":"closed","ping_status":"closed","template":"","meta":{"_acf_changed":false,"_uag_custom_page_level_css":"","site-sidebar-layout":"default","site-content-layout":"","ast-site-content-layout":"default","site-content-style":"default","site-sidebar-style":"default","ast-global-header-display":"","ast-banner-title-visibility":"","ast-main-header-display":"","ast-hfb-above-header-display":"","ast-hfb-below-header-display":"","ast-hfb-mobile-header-display":"","site-post-title":"disabled","ast-breadcrumbs-content":"","ast-featured-img":"disabled","footer-sml-layout":"","theme-transparent-header-meta":"","adv-header-id-meta":"","stick-header-meta":"","header-above-stick-meta":"","header-main-stick-meta":"","header-below-stick-meta":"","astra-migrate-meta-layouts":"set","ast-page-background-enabled":"default","ast-page-background-meta":{"desktop":{"background-color":"var(--ast-global-color-4)","background-image":"","background-repeat":"repeat","background-position":"center center","background-size":"auto","background-attachment":"scroll","background-type":"","background-media":"","overlay-type":"","overlay-color":"","overlay-opacity":"","overlay-gradient":""},"tablet":{"background-color":"","background-image":"","background-repeat":"repeat","background-position":"center center","background-size":"auto","background-attachment":"scroll","background-type":"","background-media":"","overlay-type":"","overlay-color":"","overlay-opacity":"","overlay-gradient":""},"mobile":{"background-color":"","background-image":"","background-repeat":"repeat","background-position":"center center","background-size":"auto","background-attachment":"scroll","background-type":"","background-media":"","overlay-type":"","overlay-color":"","overlay-opacity":"","overlay-gradient":""}},"ast-content-background-meta":{"desktop":{"background-color":"var(--ast-global-color-5)","background-image":"","background-repeat":"repeat","background-position":"center center","background-size":"auto","background-attachment":"scroll","background-type":"","background-media":"","overlay-type":"","overlay-color":"","overlay-opacity":"","overlay-gradient":""},"tablet":{"background-color":"var(--ast-global-color-5)","background-image":"","background-repeat":"repeat","background-position":"center center","background-size":"auto","background-attachment":"scroll","background-type":"","background-media":"","overlay-type":"","overlay-color":"","overlay-opacity":"","overlay-gradient":""},"mobile":{"background-color":"var(--ast-global-color-5)","background-image":"","background-repeat":"repeat","background-position":"center center","background-size":"auto","background-attachment":"scroll","background-type":"","background-media":"","overlay-type":"","overlay-color":"","overlay-opacity":"","overlay-gradient":""}},"footnotes":""},"class_list":["post-22","page","type-page","status-publish","has-post-thumbnail","hentry"],"acf":[],"uagb_featured_image_src":{"full":["https:\/\/www2.summerpluskids.com\/altoadige\/wp-content\/uploads\/sites\/2\/2024\/12\/Card-almen.jpg",2000,922,false],"thumbnail":["https:\/\/www2.summerpluskids.com\/altoadige\/wp-content\/uploads\/sites\/2\/2024\/12\/Card-almen-500x500.jpg",500,500,true],"medium":["https:\/\/www2.summerpluskids.com\/altoadige\/wp-content\/uploads\/sites\/2\/2024\/12\/Card-almen-800x369.jpg",800,369,true],"medium_large":["https:\/\/www2.summerpluskids.com\/altoadige\/wp-content\/uploads\/sites\/2\/2024\/12\/Card-almen-768x354.jpg",768,354,true],"large":["https:\/\/www2.summerpluskids.com\/altoadige\/wp-content\/uploads\/sites\/2\/2024\/12\/Card-almen-1300x599.jpg",1300,599,true],"1536x1536":["https:\/\/www2.summerpluskids.com\/altoadige\/wp-content\/uploads\/sites\/2\/2024\/12\/Card-almen-1536x708.jpg",1536,708,true],"2048x2048":["https:\/\/www2.summerpluskids.com\/altoadige\/wp-content\/uploads\/sites\/2\/2024\/12\/Card-almen.jpg",2000,922,false],"gform-image-choice-sm":["https:\/\/www2.summerpluskids.com\/altoadige\/wp-content\/uploads\/sites\/2\/2024\/12\/Card-almen.jpg",300,138,false],"gform-image-choice-md":["https:\/\/www2.summerpluskids.com\/altoadige\/wp-content\/uploads\/sites\/2\/2024\/12\/Card-almen.jpg",400,184,false],"gform-image-choice-lg":["https:\/\/www2.summerpluskids.com\/altoadige\/wp-content\/uploads\/sites\/2\/2024\/12\/Card-almen.jpg",600,277,false]},"uagb_author_info":{"display_name":"fucine","author_link":"https:\/\/www2.summerpluskids.com\/altoadige\/author\/admin\/"},"uagb_comment_info":0,"uagb_excerpt":"Family card gratuite Un bel vantaggio! Alloggiando nelle strutture convenzionate (l\u2019assoluta maggioranza, sia hotel sia appartamenti)&nbsp;avrete in regalo una card&nbsp;che vi permetter\u00e0 di muovervi gratuitamente sui&nbsp;mezzi pubblici&nbsp;e godere di&nbsp;sconti&nbsp;nei&nbsp;musei, negozi e servizi. Le card sono un valido aiuto al portafoglio delle famiglie, perch\u00e9 alcune comprendono l\u2019accesso gratuito ad alcune funivie, e questo incide parecchio nella&hellip;","_links":{"self":[{"href":"https:\/\/www2.summerpluskids.com\/altoadige\/wp-json\/wp\/v2\/pages\/22","targetHints":{"allow":["GET"]}}],"collection":[{"href":"https:\/\/www2.summerpluskids.com\/altoadige\/wp-json\/wp\/v2\/pages"}],"about":[{"href":"https:\/\/www2.summerpluskids.com\/altoadige\/wp-json\/wp\/v2\/types\/page"}],"author":[{"embeddable":true,"href":"https:\/\/www2.summerpluskids.com\/altoadige\/wp-json\/wp\/v2\/users\/1"}],"replies":[{"embeddable":true,"href":"https:\/\/www2.summerpluskids.com\/altoadige\/wp-json\/wp\/v2\/comments?post=22"}],"version-history":[{"count":12,"href":"https:\/\/www2.summerpluskids.com\/altoadige\/wp-json\/wp\/v2\/pages\/22\/revisions"}],"predecessor-version":[{"id":742,"href":"https:\/\/www2.summerpluskids.com\/altoadige\/wp-json\/wp\/v2\/pages\/22\/revisions\/742"}],"up":[{"embeddable":true,"href":"https:\/\/www2.summerpluskids.com\/altoadige\/wp-json\/wp\/v2\/pages\/14"}],"wp:featuredmedia":[{"embeddable":true,"href":"https:\/\/www2.summerpluskids.com\/altoadige\/wp-json\/wp\/v2\/media\/377"}],"wp:attachment":[{"href":"https:\/\/www2.summerpluskids.com\/altoadige\/wp-json\/wp\/v2\/media?parent=22"}],"curies":[{"name":"wp","href":"https:\/\/api.w.org\/{rel}","templated":true}]}}