{"id":18,"date":"2023-06-29T12:10:18","date_gmt":"2023-06-29T10:10:18","guid":{"rendered":"https:\/\/www2.summerpluskids.com\/altoadige\/?page_id=18"},"modified":"2024-12-04T13:34:47","modified_gmt":"2024-12-04T12:34:47","slug":"dove-dormire-le-alternative","status":"publish","type":"page","link":"https:\/\/www2.summerpluskids.com\/altoadige\/info-utili\/dove-dormire-le-alternative\/","title":{"rendered":"Dove dormire? Le alternative"},"content":{"rendered":"\n<div class=\"wp-block-uagb-container uagb-block-2298e2b8 alignfull uagb-is-root-container\"><div class=\"uagb-container__shape uagb-container__shape-top\"><svg xmlns=\"https:\/\/www.w3.org\/2000\/svg\" viewBox=\"0 0 1000 100\" preserveAspectRatio=\"none\"><path class=\"uagb-container__shape-fill\" d=\"M761.9,44.1L643.1,27.2L333.8,98L0,3.8V0l1000,0v3.9\"><\/path><\/svg><\/div><div class=\"uagb-container__shape uagb-container__shape-bottom uagb-container__shape-flip uagb-container__invert\" data-negative=\"false\"><svg xmlns=\"https:\/\/www.w3.org\/2000\/svg\" viewBox=\"0 0 1000 100\" preserveAspectRatio=\"none\"><path class=\"uagb-container__shape-fill\" d=\"M761.9,44.1L643.1,27.2L333.8,98L0,3.8V0l1000,0v3.9\"><\/path><\/svg><\/div><div class=\"uagb-container-inner-blocks-wrap\">\n<div class=\"wp-block-uagb-container uagb-block-d66257ef\">\n<div class=\"wp-block-uagb-container uagb-block-a596456d\">\n<div class=\"wp-block-uagb-advanced-heading uagb-block-8dd0ecef\"><h1 class=\"uagb-heading-text\">Dove dormire?<br>Le alternative<\/h1><\/div>\n<\/div>\n<\/div>\n<\/div><\/div>\n\n\n\n<div class=\"wp-block-columns is-layout-flex wp-container-core-columns-is-layout-9696265b wp-block-columns-is-layout-flex\" style=\"margin-top:0;margin-bottom:0;padding-top:var(--wp--preset--spacing--60);padding-right:0;padding-bottom:var(--wp--preset--spacing--60);padding-left:0\">\n<div class=\"wp-block-column is-layout-flow wp-block-column-is-layout-flow\">\n<h4 class=\"wp-block-heading\">Hotel<\/h4>\n\n\n\n<p>Di hotel ne troverete tantissimi, i pi\u00f9 sono a gestione familiare. Di solito c\u2019\u00e8 grande disponibilit\u00e0 ad accontentare le esigenze della famiglia, nella maggioranza delle strutture troverete giochi in giardino e una stanza dei giochi all\u2019interno. Volendo mangiare in hotel, potrete scegliere varie soluzioni: BB, solo colazione, HB, colazione e cena. Da molte parti troverete la pensione a 3\/4, ovvero oltre alla cena nel pomeriggio, verso le 16 vi offriranno una merenda, dolce e&nbsp;salata.<br>In generale troverete grande cura nella preparazione dei piatti, in alto adige si mangia molto bene un po\u2019 ovunque e gli hotel non sono da meno.<br>Per i bambini a cena c\u2019\u00e8 sempre grande disponibilit\u00e0 ad accontentare le esigenze di tutti, con un piatto alternativo a quello sulla carta e il gelato per dolce.<\/p>\n<\/div>\n\n\n\n<div class=\"wp-block-column is-layout-flow wp-block-column-is-layout-flow\">\n<h4 class=\"wp-block-heading\">Family Hotel<\/h4>\n\n\n\n<p>Meritano un paragrafo a parte perch\u00e9 l\u2019offerta \u00e8 molto diversa da un hotel standard. Nei family hotel non potrete che star bene con i vostri bambini, di solito sono un po\u2019 pi\u00f9 costosi della media ma ne varr\u00e0 la pena, e cercando potrete trovare soluzioni non troppo esose.<br>Nel family hotel sono bravi ed attenti, porteranno i bimbi in escursione in montagna, o a giocare con gli animali da fattoria, quindi non saranno parcheggiati al mini club.<br>Nel frattempo vi lasceranno il tempo per godere della SPA in coppia. Qui potrete anche cenare a lume di candela perch\u00e9 volendo i bimbi cenano con gli altri bimbi. Che poi mica lo si deve fare ogni giorno, la cosa pi\u00f9 bella \u00e8 viversi la famiglia in vacanza, ma vuoi mettere una giornata alla SPA o una cenetta romantica?<\/p>\n<\/div>\n\n\n\n<div class=\"wp-block-column is-layout-flow wp-block-column-is-layout-flow\">\n<h4 class=\"wp-block-heading\">Appartamento<\/h4>\n\n\n\n<p>Di solito le famiglie prediligono questa soluzione per avere una maggiore libert\u00e0 con gli orari e non trovarsi a cena ad attendere le portate mentre i propri figli saltellano, impazienti di terminare il pasto.&nbsp;<br>Alcuni hotel offrono anche degli appartamenti, quindi avrete la possibilit\u00e0 di avere spazio, libert\u00e0 e volendo per qualche sera potrete cenare in hotel approfittando del loro ristorante.<br>Sono solitamente una soluzione pi\u00f9 economica rispetto l\u2019hotel, per\u00f2 \u00e8 meglio prenotare in anticipo perch\u00e9 gli appartamenti pi\u00f9 convenienti vanno a ruba e d\u2019estate restano libere solo le soluzioni extra lusso, non proprio accessibili. Cercate di prenotare in inverno per l\u2019estate, o addirittura l\u2019estate precedente.&nbsp;Anche l\u2019appartamento quasi sempre d\u00e0 diritto alle&nbsp;<a href=\"https:\/\/www2.summerpluskids.com\/family-card-gratuite\">family card <\/a><a href=\"https:\/\/www2.summerpluskids.com\/family-card-gratuite\" data-type=\"link\" data-id=\"https:\/\/www2.summerpluskids.com\/family-card-gratuite\">gratuite<\/a>.&nbsp;<\/p>\n<\/div>\n<\/div>\n\n\n\n<div class=\"wp-block-columns is-layout-flex wp-container-core-columns-is-layout-a34bdf37 wp-block-columns-is-layout-flex\" style=\"margin-top:0;margin-bottom:var(--wp--preset--spacing--60);padding-top:0;padding-right:0;padding-bottom:0;padding-left:0\">\n<div class=\"wp-block-column is-layout-flow wp-block-column-is-layout-flow\" style=\"padding-top:0;padding-right:0;padding-bottom:0;padding-left:0\">\n<h4 class=\"wp-block-heading\">Maso<\/h4>\n\n\n\n<p>I masi sono un\u2019antica abitazione della famiglia contadina sudtirolese, oggi sono state trasformati in aziende agrituristiche che offrono agli ospiti la possibilit\u00e0 di soggiornare in ambienti rustici, dove assaporare l\u2019atmosfera della vita contadina, con gli animali da cortile e le stalle. La mattina avrete le uova fresche, il pane e i prodotti dalla fattoria stessa. I bambini potranno andare a prendere le uova o daranno da mangiare ai conigli.&nbsp;<br>I masi non sono tantissimi quindi a gennaio\/febbraio pu\u00f2 esser gi\u00e0 tardi per la prenotazione, di solito li si prenota l\u2019estate precedente.&nbsp;<\/p>\n<\/div>\n\n\n\n<div class=\"wp-block-column is-layout-flow wp-block-column-is-layout-flow\">\n<h4 class=\"wp-block-heading\">Rifugio<\/h4>\n\n\n\n<p>I rifugi sono nati per dare ospitalit\u00e0 ai viandanti che attraversavano le Alpi. Sono abitazioni rustiche, lontane dai centri abitati, dislocate lungo i sentieri. Quindi chi sceglie di vivere in rifugio sceglie una vita molto tranquilla, solitamente in alta quota, solitamente lontani dall\u2019automobile, con l\u2019idea di &nbsp;muoversi lentamente godendo del silenzio della&nbsp;montagna&nbsp;(dopo la chiusura degli impianti l\u2019atmosfera \u00e8 davvero magica) e degli ottimi piatti proposti dalla cucina. Anche qui va prenotato per tempo perch\u00e9 non ci sono molti posti disponibili. <\/p>\n<\/div>\n\n\n\n<div class=\"wp-block-column is-layout-flow wp-block-column-is-layout-flow\">\n<h4 class=\"wp-block-heading\">Campeggio<\/h4>\n\n\n\n<p>Per chi ama la vita da campeggio e quell\u2019atmosfera unica di condivisione e amicizia che nasce tra i campeggiatori trover\u00e0 una soluzione per ogni esigenza: una vacanza in riva al lago, oppure in montagna circondati dalla natura, o in valle nelle vicinanze delle citt\u00e0 altoatesine.<br>Si potr\u00e0 anche realizzare il sogno di dormire in una vera casa sull\u2019albero. Oppure le pi\u00f9 classiche&nbsp;sistemazioni in tenda, camper, roulotte o bungalow, in ogni caso i bambini saranno felicissimi. Per chi preferisce la tenda \u00e8 importante averne una di qualit\u00e0, ben isolata, perch\u00e9 le piogge sono davvero molto intense e le temperature di notte possono scendere parecchio. Ma se vi attrezzate per bene sar\u00e0 molto divertente. <\/p>\n<\/div>\n<\/div>\n\n\n\n<p><\/p>\n","protected":false},"excerpt":{"rendered":"<p>Dove dormire?Le alternative Hotel Di hotel ne troverete tantissimi, i pi\u00f9 sono a gestione familiare. Di solito c\u2019\u00e8 grande disponibilit\u00e0 ad accontentare le esigenze della famiglia, nella maggioranza delle strutture troverete giochi in giardino e una stanza dei giochi all\u2019interno. Volendo mangiare in hotel, potrete scegliere varie soluzioni: BB, solo colazione, HB, colazione e cena. [&hellip;]<\/p>\n","protected":false},"author":2,"featured_media":386,"parent":14,"menu_order":0,"comment_status":"closed","ping_status":"closed","template":"","meta":{"_acf_changed":false,"_uag_custom_page_level_css":"","site-sidebar-layout":"default","site-content-layout":"","ast-site-content-layout":"default","site-content-style":"default","site-sidebar-style":"default","ast-global-header-display":"","ast-banner-title-visibility":"","ast-main-header-display":"","ast-hfb-above-header-display":"","ast-hfb-below-header-display":"","ast-hfb-mobile-header-display":"","site-post-title":"disabled","ast-breadcrumbs-content":"","ast-featured-img":"disabled","footer-sml-layout":"","theme-transparent-header-meta":"","adv-header-id-meta":"","stick-header-meta":"","header-above-stick-meta":"","header-main-stick-meta":"","header-below-stick-meta":"","astra-migrate-meta-layouts":"set","ast-page-background-enabled":"default","ast-page-background-meta":{"desktop":{"background-color":"var(--ast-global-color-4)","background-image":"","background-repeat":"repeat","background-position":"center center","background-size":"auto","background-attachment":"scroll","background-type":"","background-media":"","overlay-type":"","overlay-color":"","overlay-opacity":"","overlay-gradient":""},"tablet":{"background-color":"","background-image":"","background-repeat":"repeat","background-position":"center center","background-size":"auto","background-attachment":"scroll","background-type":"","background-media":"","overlay-type":"","overlay-color":"","overlay-opacity":"","overlay-gradient":""},"mobile":{"background-color":"","background-image":"","background-repeat":"repeat","background-position":"center center","background-size":"auto","background-attachment":"scroll","background-type":"","background-media":"","overlay-type":"","overlay-color":"","overlay-opacity":"","overlay-gradient":""}},"ast-content-background-meta":{"desktop":{"background-color":"var(--ast-global-color-5)","background-image":"","background-repeat":"repeat","background-position":"center center","background-size":"auto","background-attachment":"scroll","background-type":"","background-media":"","overlay-type":"","overlay-color":"","overlay-opacity":"","overlay-gradient":""},"tablet":{"background-color":"var(--ast-global-color-5)","background-image":"","background-repeat":"repeat","background-position":"center center","background-size":"auto","background-attachment":"scroll","background-type":"","background-media":"","overlay-type":"","overlay-color":"","overlay-opacity":"","overlay-gradient":""},"mobile":{"background-color":"var(--ast-global-color-5)","background-image":"","background-repeat":"repeat","background-position":"center center","background-size":"auto","background-attachment":"scroll","background-type":"","background-media":"","overlay-type":"","overlay-color":"","overlay-opacity":"","overlay-gradient":""}},"footnotes":""},"class_list":["post-18","page","type-page","status-publish","has-post-thumbnail","hentry"],"acf":[],"uagb_featured_image_src":{"full":["https:\/\/www2.summerpluskids.com\/altoadige\/wp-content\/uploads\/sites\/2\/2024\/12\/casetta.jpg",1980,935,false],"thumbnail":["https:\/\/www2.summerpluskids.com\/altoadige\/wp-content\/uploads\/sites\/2\/2024\/12\/casetta-500x500.jpg",500,500,true],"medium":["https:\/\/www2.summerpluskids.com\/altoadige\/wp-content\/uploads\/sites\/2\/2024\/12\/casetta-800x378.jpg",800,378,true],"medium_large":["https:\/\/www2.summerpluskids.com\/altoadige\/wp-content\/uploads\/sites\/2\/2024\/12\/casetta-768x363.jpg",768,363,true],"large":["https:\/\/www2.summerpluskids.com\/altoadige\/wp-content\/uploads\/sites\/2\/2024\/12\/casetta-1300x614.jpg",1300,614,true],"1536x1536":["https:\/\/www2.summerpluskids.com\/altoadige\/wp-content\/uploads\/sites\/2\/2024\/12\/casetta-1536x725.jpg",1536,725,true],"2048x2048":["https:\/\/www2.summerpluskids.com\/altoadige\/wp-content\/uploads\/sites\/2\/2024\/12\/casetta.jpg",1980,935,false],"gform-image-choice-sm":["https:\/\/www2.summerpluskids.com\/altoadige\/wp-content\/uploads\/sites\/2\/2024\/12\/casetta.jpg",300,142,false],"gform-image-choice-md":["https:\/\/www2.summerpluskids.com\/altoadige\/wp-content\/uploads\/sites\/2\/2024\/12\/casetta.jpg",400,189,false],"gform-image-choice-lg":["https:\/\/www2.summerpluskids.com\/altoadige\/wp-content\/uploads\/sites\/2\/2024\/12\/casetta.jpg",600,283,false]},"uagb_author_info":{"display_name":"Serena Smeragliuolo","author_link":"https:\/\/www2.summerpluskids.com\/altoadige\/author\/serenasme\/"},"uagb_comment_info":0,"uagb_excerpt":"Dove dormire?Le alternative Hotel Di hotel ne troverete tantissimi, i pi\u00f9 sono a gestione familiare. Di solito c\u2019\u00e8 grande disponibilit\u00e0 ad accontentare le esigenze della famiglia, nella maggioranza delle strutture troverete giochi in giardino e una stanza dei giochi all\u2019interno. Volendo mangiare in hotel, potrete scegliere varie soluzioni: BB, solo colazione, HB, colazione e cena.&hellip;","_links":{"self":[{"href":"https:\/\/www2.summerpluskids.com\/altoadige\/wp-json\/wp\/v2\/pages\/18","targetHints":{"allow":["GET"]}}],"collection":[{"href":"https:\/\/www2.summerpluskids.com\/altoadige\/wp-json\/wp\/v2\/pages"}],"about":[{"href":"https:\/\/www2.summerpluskids.com\/altoadige\/wp-json\/wp\/v2\/types\/page"}],"author":[{"embeddable":true,"href":"https:\/\/www2.summerpluskids.com\/altoadige\/wp-json\/wp\/v2\/users\/2"}],"replies":[{"embeddable":true,"href":"https:\/\/www2.summerpluskids.com\/altoadige\/wp-json\/wp\/v2\/comments?post=18"}],"version-history":[{"count":12,"href":"https:\/\/www2.summerpluskids.com\/altoadige\/wp-json\/wp\/v2\/pages\/18\/revisions"}],"predecessor-version":[{"id":497,"href":"https:\/\/www2.summerpluskids.com\/altoadige\/wp-json\/wp\/v2\/pages\/18\/revisions\/497"}],"up":[{"embeddable":true,"href":"https:\/\/www2.summerpluskids.com\/altoadige\/wp-json\/wp\/v2\/pages\/14"}],"wp:featuredmedia":[{"embeddable":true,"href":"https:\/\/www2.summerpluskids.com\/altoadige\/wp-json\/wp\/v2\/media\/386"}],"wp:attachment":[{"href":"https:\/\/www2.summerpluskids.com\/altoadige\/wp-json\/wp\/v2\/media?parent=18"}],"curies":[{"name":"wp","href":"https:\/\/api.w.org\/{rel}","templated":true}]}}