{"id":162,"date":"2023-10-18T09:31:52","date_gmt":"2023-10-18T07:31:52","guid":{"rendered":"https:\/\/www2.summerpluskids.com\/altoadige\/?page_id=162"},"modified":"2025-06-18T10:05:27","modified_gmt":"2025-06-18T08:05:27","slug":"noleggia-un-passeggino","status":"publish","type":"page","link":"https:\/\/www2.summerpluskids.com\/altoadige\/info-utili\/noleggia-un-passeggino\/","title":{"rendered":"Noleggia un passeggino"},"content":{"rendered":"\n<div class=\"wp-block-uagb-container uagb-block-2298e2b8 alignfull uagb-is-root-container\"><div class=\"uagb-container__shape uagb-container__shape-top\"><svg xmlns=\"https:\/\/www.w3.org\/2000\/svg\" viewBox=\"0 0 1000 100\" preserveAspectRatio=\"none\"><path class=\"uagb-container__shape-fill\" opacity=\"0.33\" d=\"M473,67.3c-203.9,88.3-263.1-34-320.3,0C66,119.1,0,59.7,0,59.7V0h1000v59.7 c0,0-62.1,26.1-94.9,29.3c-32.8,3.3-62.8-12.3-75.8-22.1C806,49.6,745.3,8.7,694.9,4.7S492.4,59,473,67.3z\"><\/path><path class=\"uagb-container__shape-fill\" opacity=\"0.66\" d=\"M734,67.3c-45.5,0-77.2-23.2-129.1-39.1c-28.6-8.7-150.3-10.1-254,39.1 s-91.7-34.4-149.2,0C115.7,118.3,0,39.8,0,39.8V0h1000v36.5c0,0-28.2-18.5-92.1-18.5C810.2,18.1,775.7,67.3,734,67.3z\"><\/path><path class=\"uagb-container__shape-fill\" d=\"M766.1,28.9c-200-57.5-266,65.5-395.1,19.5C242,1.8,242,5.4,184.8,20.6C128,35.8,132.3,44.9,89.9,52.5C28.6,63.7,0,0,0,0 h1000c0,0-9.9,40.9-83.6,48.1S829.6,47,766.1,28.9z\"><\/path><\/svg><\/div><div class=\"uagb-container__shape uagb-container__shape-bottom uagb-container__shape-flip uagb-container__invert\" data-negative=\"false\"><svg xmlns=\"https:\/\/www.w3.org\/2000\/svg\" viewBox=\"0 0 283.5 19.6\" preserveAspectRatio=\"none\"><path class=\"uagb-container__shape-fill\" opacity=\"0.33\" d=\"M0 0L0 18.8 141.8 4.1 283.5 18.8 283.5 0z\"><\/path><path class=\"uagb-container__shape-fill\" opacity=\"0.33\" d=\"M0 0L0 12.6 141.8 4 283.5 12.6 283.5 0z\"><\/path><path class=\"uagb-container__shape-fill\" opacity=\"0.33\" d=\"M0 0L0 6.4 141.8 4 283.5 6.4 283.5 0z\"><\/path><path class=\"uagb-container__shape-fill\" d=\"M0 0L0 1.2 141.8 4 283.5 1.2 283.5 0z\"><\/path><\/svg><\/div><div class=\"uagb-container-inner-blocks-wrap\">\n<div class=\"wp-block-uagb-container uagb-block-d66257ef\">\n<div class=\"wp-block-uagb-container uagb-block-a596456d\">\n<div class=\"wp-block-uagb-advanced-heading uagb-block-8dd0ecef\"><h1 class=\"uagb-heading-text\">Mai pensato al <br>noleggio?<\/h1><\/div>\n<\/div>\n<\/div>\n<\/div><\/div>\n\n\n\n<p><\/p>\n\n\n\n<p>Noleggiare un passeggino o uno zaino portabimbo pu\u00f2 essere la soluzione facile e veloce per vedere se la montagna fa per te. Se in citt\u00e0 ti basta un passeggino leggero non \u00e8 certo necessario comprarne uno pi\u00f9 sportivo per la montagna, basta andare nei tanti punti di noleggio che troverete nei vari paesi che visiterete, di solito li trovate nei dintorni degli impianti di risalita.<\/p>\n\n\n\n<p> Esistono varie soluzioni di noleggio, il giornaliero, tre giorni o la settimana intera. Se volete risparmiare un po&#8217; vi consiglio di noleggiarlo per tre giorni mettendo le uscite pi\u00f9 impegnative per i bambini tutte insieme in quel lasso di tempo, lasciando quelle pi\u00f9 facili negli altri giorni. Noi lo abbiamo noleggiato per un giorno soltanto perch\u00e9 in previsione c&#8217;era una passeggiata molto lunga e visto che non avevamo portato il passeggino da casa e la schiena si stava lamentando dopo tanto marsupio abbiamo visto il noleggio del passeggino come un momento di pausa e sollievo. <\/p>\n\n\n\n<p>Ogni negozio ha le sue regole, quindi informatevi, ma in generale troverete molta disponibilit\u00e0: noi abbiamo prenotato al telefono il giorno prima e lo abbiamo riconsegnato il giorno successivo la mattina sul presto, perch\u00e9 al nostro rientro il negozio sarebbe stato gi\u00e0 chiuso.<\/p>\n\n\n\n<p>Devo dire che anche se noi in passato avevamo un Valco, che \u00e8 abbastanza sportivo, averne uno pensato per il trekking fa tutta la differenza, i vostri bimbi staranno comodi e anche voi non faticherete nella spinta, quindi ne vale assolutamente la pena. <br>Vale lo stesso per lo zaino portabimbo, non ha senso comprarne uno se non siete soliti ad andare a passeggiare in montagna, per la vostra settimana di vacanza baster\u00e0 noleggiarlo, magari provate prima per un giorno e poi allungate il noleggio se il bimbo ci sta bene dentro e la testa non ciondola troppo quando si addormenta.<\/p>\n\n\n\n<p><\/p>\n","protected":false},"excerpt":{"rendered":"<p>Mai pensato al noleggio? Noleggiare un passeggino o uno zaino portabimbo pu\u00f2 essere la soluzione facile e veloce per vedere se la montagna fa per te. Se in citt\u00e0 ti basta un passeggino leggero non \u00e8 certo necessario comprarne uno pi\u00f9 sportivo per la montagna, basta andare nei tanti punti di noleggio che troverete nei [&hellip;]<\/p>\n","protected":false},"author":1,"featured_media":498,"parent":14,"menu_order":0,"comment_status":"closed","ping_status":"closed","template":"","meta":{"_acf_changed":false,"_uag_custom_page_level_css":"","site-sidebar-layout":"default","site-content-layout":"","ast-site-content-layout":"default","site-content-style":"default","site-sidebar-style":"default","ast-global-header-display":"","ast-banner-title-visibility":"","ast-main-header-display":"","ast-hfb-above-header-display":"","ast-hfb-below-header-display":"","ast-hfb-mobile-header-display":"","site-post-title":"disabled","ast-breadcrumbs-content":"","ast-featured-img":"","footer-sml-layout":"","theme-transparent-header-meta":"","adv-header-id-meta":"","stick-header-meta":"","header-above-stick-meta":"","header-main-stick-meta":"","header-below-stick-meta":"","astra-migrate-meta-layouts":"set","ast-page-background-enabled":"default","ast-page-background-meta":{"desktop":{"background-color":"var(--ast-global-color-4)","background-image":"","background-repeat":"repeat","background-position":"center center","background-size":"auto","background-attachment":"scroll","background-type":"","background-media":"","overlay-type":"","overlay-color":"","overlay-opacity":"","overlay-gradient":""},"tablet":{"background-color":"","background-image":"","background-repeat":"repeat","background-position":"center center","background-size":"auto","background-attachment":"scroll","background-type":"","background-media":"","overlay-type":"","overlay-color":"","overlay-opacity":"","overlay-gradient":""},"mobile":{"background-color":"","background-image":"","background-repeat":"repeat","background-position":"center center","background-size":"auto","background-attachment":"scroll","background-type":"","background-media":"","overlay-type":"","overlay-color":"","overlay-opacity":"","overlay-gradient":""}},"ast-content-background-meta":{"desktop":{"background-color":"var(--ast-global-color-5)","background-image":"","background-repeat":"repeat","background-position":"center center","background-size":"auto","background-attachment":"scroll","background-type":"","background-media":"","overlay-type":"","overlay-color":"","overlay-opacity":"","overlay-gradient":""},"tablet":{"background-color":"var(--ast-global-color-5)","background-image":"","background-repeat":"repeat","background-position":"center center","background-size":"auto","background-attachment":"scroll","background-type":"","background-media":"","overlay-type":"","overlay-color":"","overlay-opacity":"","overlay-gradient":""},"mobile":{"background-color":"var(--ast-global-color-5)","background-image":"","background-repeat":"repeat","background-position":"center center","background-size":"auto","background-attachment":"scroll","background-type":"","background-media":"","overlay-type":"","overlay-color":"","overlay-opacity":"","overlay-gradient":""}},"footnotes":""},"class_list":["post-162","page","type-page","status-publish","has-post-thumbnail","hentry"],"acf":[],"uagb_featured_image_src":{"full":["https:\/\/www2.summerpluskids.com\/altoadige\/wp-content\/uploads\/sites\/2\/2025\/02\/Trekking.jpg",1800,875,false],"thumbnail":["https:\/\/www2.summerpluskids.com\/altoadige\/wp-content\/uploads\/sites\/2\/2025\/02\/Trekking-500x500.jpg",500,500,true],"medium":["https:\/\/www2.summerpluskids.com\/altoadige\/wp-content\/uploads\/sites\/2\/2025\/02\/Trekking-800x389.jpg",800,389,true],"medium_large":["https:\/\/www2.summerpluskids.com\/altoadige\/wp-content\/uploads\/sites\/2\/2025\/02\/Trekking-768x373.jpg",768,373,true],"large":["https:\/\/www2.summerpluskids.com\/altoadige\/wp-content\/uploads\/sites\/2\/2025\/02\/Trekking-1300x632.jpg",1300,632,true],"1536x1536":["https:\/\/www2.summerpluskids.com\/altoadige\/wp-content\/uploads\/sites\/2\/2025\/02\/Trekking-1536x747.jpg",1536,747,true],"2048x2048":["https:\/\/www2.summerpluskids.com\/altoadige\/wp-content\/uploads\/sites\/2\/2025\/02\/Trekking.jpg",1800,875,false],"gform-image-choice-sm":["https:\/\/www2.summerpluskids.com\/altoadige\/wp-content\/uploads\/sites\/2\/2025\/02\/Trekking.jpg",300,146,false],"gform-image-choice-md":["https:\/\/www2.summerpluskids.com\/altoadige\/wp-content\/uploads\/sites\/2\/2025\/02\/Trekking.jpg",400,194,false],"gform-image-choice-lg":["https:\/\/www2.summerpluskids.com\/altoadige\/wp-content\/uploads\/sites\/2\/2025\/02\/Trekking.jpg",600,292,false]},"uagb_author_info":{"display_name":"fucine","author_link":"https:\/\/www2.summerpluskids.com\/altoadige\/author\/admin\/"},"uagb_comment_info":0,"uagb_excerpt":"Mai pensato al noleggio? Noleggiare un passeggino o uno zaino portabimbo pu\u00f2 essere la soluzione facile e veloce per vedere se la montagna fa per te. Se in citt\u00e0 ti basta un passeggino leggero non \u00e8 certo necessario comprarne uno pi\u00f9 sportivo per la montagna, basta andare nei tanti punti di noleggio che troverete nei&hellip;","_links":{"self":[{"href":"https:\/\/www2.summerpluskids.com\/altoadige\/wp-json\/wp\/v2\/pages\/162","targetHints":{"allow":["GET"]}}],"collection":[{"href":"https:\/\/www2.summerpluskids.com\/altoadige\/wp-json\/wp\/v2\/pages"}],"about":[{"href":"https:\/\/www2.summerpluskids.com\/altoadige\/wp-json\/wp\/v2\/types\/page"}],"author":[{"embeddable":true,"href":"https:\/\/www2.summerpluskids.com\/altoadige\/wp-json\/wp\/v2\/users\/1"}],"replies":[{"embeddable":true,"href":"https:\/\/www2.summerpluskids.com\/altoadige\/wp-json\/wp\/v2\/comments?post=162"}],"version-history":[{"count":7,"href":"https:\/\/www2.summerpluskids.com\/altoadige\/wp-json\/wp\/v2\/pages\/162\/revisions"}],"predecessor-version":[{"id":556,"href":"https:\/\/www2.summerpluskids.com\/altoadige\/wp-json\/wp\/v2\/pages\/162\/revisions\/556"}],"up":[{"embeddable":true,"href":"https:\/\/www2.summerpluskids.com\/altoadige\/wp-json\/wp\/v2\/pages\/14"}],"wp:featuredmedia":[{"embeddable":true,"href":"https:\/\/www2.summerpluskids.com\/altoadige\/wp-json\/wp\/v2\/media\/498"}],"wp:attachment":[{"href":"https:\/\/www2.summerpluskids.com\/altoadige\/wp-json\/wp\/v2\/media?parent=162"}],"curies":[{"name":"wp","href":"https:\/\/api.w.org\/{rel}","templated":true}]}}