{"id":16,"date":"2023-06-29T12:01:20","date_gmt":"2023-06-29T10:01:20","guid":{"rendered":"https:\/\/www2.summerpluskids.com\/altoadige\/?page_id=16"},"modified":"2025-08-06T13:06:14","modified_gmt":"2025-08-06T11:06:14","slug":"prima-volta-in-montagna","status":"publish","type":"page","link":"https:\/\/www2.summerpluskids.com\/altoadige\/info-utili\/prima-volta-in-montagna\/","title":{"rendered":"Prima volta in montagna?"},"content":{"rendered":"\n<div class=\"wp-block-uagb-container uagb-block-2298e2b8 alignfull uagb-is-root-container\"><div class=\"uagb-container__shape uagb-container__shape-top\"><svg xmlns=\"https:\/\/www.w3.org\/2000\/svg\" viewBox=\"0 0 1000 100\" preserveAspectRatio=\"none\"><path class=\"uagb-container__shape-fill\" opacity=\"0.33\" d=\"M473,67.3c-203.9,88.3-263.1-34-320.3,0C66,119.1,0,59.7,0,59.7V0h1000v59.7 c0,0-62.1,26.1-94.9,29.3c-32.8,3.3-62.8-12.3-75.8-22.1C806,49.6,745.3,8.7,694.9,4.7S492.4,59,473,67.3z\"><\/path><path class=\"uagb-container__shape-fill\" opacity=\"0.66\" d=\"M734,67.3c-45.5,0-77.2-23.2-129.1-39.1c-28.6-8.7-150.3-10.1-254,39.1 s-91.7-34.4-149.2,0C115.7,118.3,0,39.8,0,39.8V0h1000v36.5c0,0-28.2-18.5-92.1-18.5C810.2,18.1,775.7,67.3,734,67.3z\"><\/path><path class=\"uagb-container__shape-fill\" d=\"M766.1,28.9c-200-57.5-266,65.5-395.1,19.5C242,1.8,242,5.4,184.8,20.6C128,35.8,132.3,44.9,89.9,52.5C28.6,63.7,0,0,0,0 h1000c0,0-9.9,40.9-83.6,48.1S829.6,47,766.1,28.9z\"><\/path><\/svg><\/div><div class=\"uagb-container__shape uagb-container__shape-bottom uagb-container__shape-flip uagb-container__invert\" data-negative=\"false\"><svg xmlns=\"https:\/\/www.w3.org\/2000\/svg\" viewBox=\"0 0 1000 100\" preserveAspectRatio=\"none\"><path class=\"uagb-container__shape-fill\" opacity=\"0.33\" d=\"M473,67.3c-203.9,88.3-263.1-34-320.3,0C66,119.1,0,59.7,0,59.7V0h1000v59.7 c0,0-62.1,26.1-94.9,29.3c-32.8,3.3-62.8-12.3-75.8-22.1C806,49.6,745.3,8.7,694.9,4.7S492.4,59,473,67.3z\"><\/path><path class=\"uagb-container__shape-fill\" opacity=\"0.66\" d=\"M734,67.3c-45.5,0-77.2-23.2-129.1-39.1c-28.6-8.7-150.3-10.1-254,39.1 s-91.7-34.4-149.2,0C115.7,118.3,0,39.8,0,39.8V0h1000v36.5c0,0-28.2-18.5-92.1-18.5C810.2,18.1,775.7,67.3,734,67.3z\"><\/path><path class=\"uagb-container__shape-fill\" d=\"M766.1,28.9c-200-57.5-266,65.5-395.1,19.5C242,1.8,242,5.4,184.8,20.6C128,35.8,132.3,44.9,89.9,52.5C28.6,63.7,0,0,0,0 h1000c0,0-9.9,40.9-83.6,48.1S829.6,47,766.1,28.9z\"><\/path><\/svg><\/div><div class=\"uagb-container-inner-blocks-wrap\">\n<div class=\"wp-block-uagb-container uagb-block-d66257ef\">\n<div class=\"wp-block-uagb-container uagb-block-a596456d\">\n<div class=\"wp-block-uagb-advanced-heading uagb-block-8dd0ecef\"><h1 class=\"uagb-heading-text\">Prima volta in montagna?<\/h1><\/div>\n<\/div>\n<\/div>\n<\/div><\/div>\n\n\n\n<div class=\"wp-block-columns is-layout-flex wp-container-core-columns-is-layout-28f84493 wp-block-columns-is-layout-flex\">\n<div class=\"wp-block-column is-layout-flow wp-block-column-is-layout-flow\">\n<p style=\"margin-top:2.5rem;margin-bottom:0\">Per tutta la vita sono andata al mare d\u2019estate. Nella mia testa la montagna era associata alla neve e mai mi sarebbe venuto in mente di andare in vacanza d\u2019estate sui monti. Avevo il mare e le citt\u00e0 da esplorare, vuoi mettere? Con l\u2019arrivo del mio primo bimbo \u00e8 nato il desiderio di passare del tempo tra i monti,&nbsp;<strong>voglia di pace, di verde e di aria pulita<\/strong>. Ma avevo un po\u2019 di timore. Come sempre davanti a qualcosa di ignoto mi chiedevo se sarebbe andato tutto bene, se ci saremmo persi, temevo le funivie, e credevo ci saremmo annoiati.<br>Poi abbiamo scoperto l\u2019<strong>Alto Adige<\/strong>&nbsp;ed \u00e8 stato amore. L\u2019avevo sentito dire che&nbsp;<strong>l\u2019amore per la montagna<\/strong>&nbsp;ti prende e non ti lascia pi\u00f9 ma non pensavo, &nbsp;sinceramente, che potesse accadere a me.<\/p>\n\n\n\n<p>Ho pensato quindi di scrivere qualche consiglio per&nbsp;<strong>superare il timore iniziale<\/strong>&nbsp;e per evitare qualche contrattempo, di seguito alcuni consigli per affrontare la prima vacanza in alto Adige, d\u2019estate, da non esperti:<\/p>\n<\/div>\n<\/div>\n\n\n\n<div class=\"wp-block-columns is-layout-flex wp-container-core-columns-is-layout-28f84493 wp-block-columns-is-layout-flex\">\n<div class=\"wp-block-column is-layout-flow wp-block-column-is-layout-flow\">\n<h4 class=\"wp-block-heading\">L\u2019Alto Adige \u00e8 la scelta giusta<\/h4>\n\n\n\n<p>Dovunque andrete troverete organizzazione, cortesia, servizi, cura e attenzione. Lo percepisci appena arrivi, l\u2019erba sempre ben tagliata, tutto pulito e ordinato. Il turista non deve pensare, trova percorsi e attivit\u00e0 per ogni esigenza, si sente coccolato e a casa.<\/p>\n\n\n\n<h4 class=\"wp-block-heading\">Gli impianti di risalita chiudono presto<\/h4>\n\n\n\n<p>Attenzione che le funivie chiudono alle 17.00, di solito, alcune prima e alcune dopo. Fissate ben a mente l\u2019orario di chiusura della vostra perch\u00e9 il tempo passa veloce tra i boschi, ci sono malghe e rifugi con giochi meravigliosi per i bambini, animali con cui giocare e sdraio su cui riposare. A noi \u00e8 successo di prendere l\u2019ultima corsa al volo perch\u00e9 eravamo troppo presi e ci siamo scordati della chiusura.<br>A meno che si scelga di prendere solo la corsa in salita e scendere a piedi. In questo caso potete dilungarvi un po\u2019 e&nbsp;<a href=\"https:\/\/www2.summerpluskids.com\/prima-volta-in-montagna\/usiamo-la-tecnologia\/\">l\u2019app di cui abbiamo parlato qui<\/a>&nbsp;vi aiuter\u00e0 a gestire bene i tempi del percorso perch\u00e9 saprete sempre dove vi trovate esattamente.<\/p>\n\n\n\n<h4 class=\"wp-block-heading\">Protezione solare<\/h4>\n\n\n\n<p>Di solito quando si va al mare si compra per prima cosa la<strong>&nbsp;crema solare<\/strong>, forse in montagna non ci si pensa subito. Invece, il sole \u00e8 forte, non lo sentite molto per via del fresco e scotta di pi\u00f9. Quindi crema, <strong>occhiali<\/strong>, <strong>cappellino<\/strong>, per voi e i vostri bimbi. Portatevi dietro quelle <strong>fasce<\/strong> super strategiche che si trovano nei negozi sportivi che potete usare per ripararvi dal sole ma anche per scaldare il collo in caso faccia freddo.<\/p>\n\n\n\n<h4 class=\"wp-block-heading\">Partite attrezzati<\/h4>\n\n\n\n<p>Prima di tutto le&nbsp;<strong>scarpe adatte<\/strong>&nbsp;(da trekking con una buona suola e ben areate), poi vestiti per il caldo e quelli per il freddo, d\u2019estate potreste trovare in quota temperature intorno ai 10 gradi. Vi baster\u00e0 una&nbsp;<strong>felpa<\/strong>&nbsp;da abbinare ad una&nbsp;<strong>giacca per la pioggia<\/strong>. L\u2019importante \u00e8 vestirsi a cipolla cos\u00ec da cambiarsi agevolmente in base al tempo.<\/p>\n\n\n\n<p>Alcune persone trovano utile camminare con le&nbsp;<strong>racchette o bastoncini<\/strong>, io li ho trovati utili quando portavo la mia piccola in fascia o in marsupio e con quelli mi sentivo pi\u00f9 sicura nel terreno sconnesso. Volendo potreste desiderare uno&nbsp;<strong>zaino portabimbo<\/strong>&nbsp;di montagna, noi con il nostro non ci siamo trovati molto bene perch\u00e9 la testa ballava troppo quando dormiva. I miei bimbi li ho portati principalmente in&nbsp;<strong>fascia<\/strong>&nbsp;o con il <strong>marsupio<\/strong> (Manduca) sulla schiena e siamo stati benissimo. Se siete in dubbio provate lo zaino in negozio e pensate a che supporto avr\u00e0 la testa quando si addormenteranno. Nello zaino portabimbo bambini vanno vestiti bene perch\u00e9 non sono a contatto con il nostro corpo e la posizione seduta non agevola la circolazione e cos\u00ec tendono a raffreddarsi di pi\u00f9.<br>Mettete in conto che non sar\u00e0 l\u2019ultima volta che andrete, sar\u00e0 solo la prima di una lunga serie, quindi per tutto il materiale vale la spesa.<br>Altrimenti potete pensare al <a href=\"https:\/\/www2.summerpluskids.com\/altoadige\/noleggia-un-passeggino\/\" data-type=\"page\" data-id=\"162\">noleggio<\/a>, ci sono negozi sul posto che noleggiano passeggini sportivi e zaino portabimbo, informatevi se ce ne sono nella vostra zona.<\/p>\n<\/div>\n\n\n\n<div class=\"wp-block-column is-layout-flow wp-block-column-is-layout-flow\">\n<h4 class=\"wp-block-heading\">Questione di altitudine<\/h4>\n\n\n\n<p>Sull\u2019altitudine per i bambini troverete informazioni contrastanti in rete, meglio di tutto sentire il proprio pediatra per sicurezza.<br>Per mia esperienza e per quanto mi disse il mio pediatra posso dire che l\u2019altitudine non \u00e8 assolutamente un problema, basta fare un po\u2019 di attenzione nelle salite e discese repentine, quindi in funivia date il seno al bimbo oppure il ciuccio\/biberon cos\u00ec la deglutizione&nbsp;compenser\u00e0 la pressione fra l\u2019orecchio medio e l\u2019esterno, evitando il &nbsp;trauma sul timpano e il dolore.<br>In via precauzionale i neonati e bimbi sotto i due anni di et\u00e0 non dovrebbero sostare per lungo tempo oltre i 2000-2500 metri di quota. Quindi nessun problema perch\u00e9 in media alloggerete in tra gli 800-1500 e salirete in quota verso i 1900-2500 per brevi itinerari. Io sono salita sempre con i miei bimbi, con la sola precauzione della deglutizione in salita\/discesa. La mia bimba quando aveva quasi 6 mesi ha pensato bene di iniziare lo svezzamento mangiando gli spatzle a 2000 metri.<\/p>\n\n\n\n<h4 class=\"wp-block-heading\">Cucina per buongustai<\/h4>\n\n\n\n<p>Se avete in mente di dimagrire approfittando delle passeggiate prendetevi un appartamento perch\u00e9&nbsp;in alto Adige si mangia benissimo&nbsp;e gli hotel a mezza pensione renderanno impossibile perdere un solo etto. Amo la cucina, sono attenta alla qualit\u00e0 e non \u00e8 facile accontentarmi a tavola. Ecco, in tante cene e pranzi una sola volta ho storto un po\u2019 il naso. Di solito mi escono affermazioni che vanno dal \u201cwow che buono\u201d al \u201cperch\u00e9 non ci trasferiamo?\u201d.<br>In generale, ma soprattutto negli hotel a mezza pensione, ho trovato sempre grande disponibilit\u00e0 per i piatti dei&nbsp;bambini se doveste avere esigenze particolari: brodo, pasta, cotoletta\u2026 ogni richiesta sar\u00e0 esaudita. Ho affrontato l\u2019inizio dello \u201csvezzamento\u201d senza un problema.<\/p>\n\n\n\n<h4 class=\"wp-block-heading\">Si parla italiano<\/h4>\n\n\n\n<p>Certo, anche se a volte farete un po\u2019 fatica a farvi capire ma avrete sempre grande cortesia e attenzione e faranno di tutto per farvi star bene.<\/p>\n\n\n\n<h4 class=\"wp-block-heading\">Ci annoieremo?<\/h4>\n\n\n\n<p>No, no e no. Andrete a casa con l\u2019idea di non aver fatto tutto quello che volevate fare. Ci sono&nbsp;<strong>percorsi ed attivit\u00e0 per ogni esigenza<\/strong>. Bimbi piccoli o grandi, nessun problema. Cascate, giochi di ogni tipo, sentieri con giochi ogni tot metri per riposare e riuscire ad affrontare la passeggiata con i pi\u00f9 piccoli, anche quelli che in citt\u00e0 sono pigri. Ogni rifugio ha i giochi per i bimbi e voi riuscirete a rilassarvi.&nbsp;<\/p>\n\n\n\n<h4 class=\"wp-block-heading\">Cos\u2019\u00e8 un maso?<\/h4>\n\n\n\n<p>Scopri tutte le soluzioni, masi, rifugi, hotel, c\u2019\u00e8 una\u00a0<a href=\"https:\/\/www2.summerpluskids.com\/prima-volta-in-montagna\/dove-dormire-le-alternative\/\">pagina <\/a><a href=\"https:\/\/www2.summerpluskids.com\/altoadige\/info-utili\/dove-dormire-le-alternative\/\" data-type=\"page\" data-id=\"18\">dedicata<\/a> che spiega le differenze.<\/p>\n<\/div>\n<\/div>\n\n\n\n<p><\/p>\n","protected":false},"excerpt":{"rendered":"<p>Prima volta in montagna? Per tutta la vita sono andata al mare d\u2019estate. Nella mia testa la montagna era associata alla neve e mai mi sarebbe venuto in mente di andare in vacanza d\u2019estate sui monti. Avevo il mare e le citt\u00e0 da esplorare, vuoi mettere? Con l\u2019arrivo del mio primo bimbo \u00e8 nato il [&hellip;]<\/p>\n","protected":false},"author":2,"featured_media":113,"parent":14,"menu_order":0,"comment_status":"closed","ping_status":"closed","template":"","meta":{"_acf_changed":false,"_uag_custom_page_level_css":"","site-sidebar-layout":"default","site-content-layout":"","ast-site-content-layout":"default","site-content-style":"default","site-sidebar-style":"default","ast-global-header-display":"","ast-banner-title-visibility":"","ast-main-header-display":"","ast-hfb-above-header-display":"","ast-hfb-below-header-display":"","ast-hfb-mobile-header-display":"","site-post-title":"disabled","ast-breadcrumbs-content":"","ast-featured-img":"disabled","footer-sml-layout":"","theme-transparent-header-meta":"","adv-header-id-meta":"","stick-header-meta":"","header-above-stick-meta":"","header-main-stick-meta":"","header-below-stick-meta":"","astra-migrate-meta-layouts":"set","ast-page-background-enabled":"default","ast-page-background-meta":{"desktop":{"background-color":"var(--ast-global-color-4)","background-image":"","background-repeat":"repeat","background-position":"center center","background-size":"auto","background-attachment":"scroll","background-type":"","background-media":"","overlay-type":"","overlay-color":"","overlay-opacity":"","overlay-gradient":""},"tablet":{"background-color":"","background-image":"","background-repeat":"repeat","background-position":"center center","background-size":"auto","background-attachment":"scroll","background-type":"","background-media":"","overlay-type":"","overlay-color":"","overlay-opacity":"","overlay-gradient":""},"mobile":{"background-color":"","background-image":"","background-repeat":"repeat","background-position":"center center","background-size":"auto","background-attachment":"scroll","background-type":"","background-media":"","overlay-type":"","overlay-color":"","overlay-opacity":"","overlay-gradient":""}},"ast-content-background-meta":{"desktop":{"background-color":"var(--ast-global-color-5)","background-image":"","background-repeat":"repeat","background-position":"center center","background-size":"auto","background-attachment":"scroll","background-type":"","background-media":"","overlay-type":"","overlay-color":"","overlay-opacity":"","overlay-gradient":""},"tablet":{"background-color":"var(--ast-global-color-5)","background-image":"","background-repeat":"repeat","background-position":"center center","background-size":"auto","background-attachment":"scroll","background-type":"","background-media":"","overlay-type":"","overlay-color":"","overlay-opacity":"","overlay-gradient":""},"mobile":{"background-color":"var(--ast-global-color-5)","background-image":"","background-repeat":"repeat","background-position":"center center","background-size":"auto","background-attachment":"scroll","background-type":"","background-media":"","overlay-type":"","overlay-color":"","overlay-opacity":"","overlay-gradient":""}},"footnotes":""},"class_list":["post-16","page","type-page","status-publish","has-post-thumbnail","hentry"],"acf":[],"uagb_featured_image_src":{"full":["https:\/\/www2.summerpluskids.com\/altoadige\/wp-content\/uploads\/sites\/2\/2023\/07\/IMG_20200731_154712.jpg",2000,944,false],"thumbnail":["https:\/\/www2.summerpluskids.com\/altoadige\/wp-content\/uploads\/sites\/2\/2023\/07\/IMG_20200731_154712-150x150.jpg",150,150,true],"medium":["https:\/\/www2.summerpluskids.com\/altoadige\/wp-content\/uploads\/sites\/2\/2023\/07\/IMG_20200731_154712-300x142.jpg",300,142,true],"medium_large":["https:\/\/www2.summerpluskids.com\/altoadige\/wp-content\/uploads\/sites\/2\/2023\/07\/IMG_20200731_154712-768x362.jpg",768,362,true],"large":["https:\/\/www2.summerpluskids.com\/altoadige\/wp-content\/uploads\/sites\/2\/2023\/07\/IMG_20200731_154712-1024x483.jpg",1024,483,true],"1536x1536":["https:\/\/www2.summerpluskids.com\/altoadige\/wp-content\/uploads\/sites\/2\/2023\/07\/IMG_20200731_154712-1536x725.jpg",1536,725,true],"2048x2048":["https:\/\/www2.summerpluskids.com\/altoadige\/wp-content\/uploads\/sites\/2\/2023\/07\/IMG_20200731_154712.jpg",2000,944,false],"gform-image-choice-sm":["https:\/\/www2.summerpluskids.com\/altoadige\/wp-content\/uploads\/sites\/2\/2023\/07\/IMG_20200731_154712.jpg",300,142,false],"gform-image-choice-md":["https:\/\/www2.summerpluskids.com\/altoadige\/wp-content\/uploads\/sites\/2\/2023\/07\/IMG_20200731_154712.jpg",400,189,false],"gform-image-choice-lg":["https:\/\/www2.summerpluskids.com\/altoadige\/wp-content\/uploads\/sites\/2\/2023\/07\/IMG_20200731_154712.jpg",600,283,false]},"uagb_author_info":{"display_name":"Serena Smeragliuolo","author_link":"https:\/\/www2.summerpluskids.com\/altoadige\/author\/serenasme\/"},"uagb_comment_info":0,"uagb_excerpt":"Prima volta in montagna? Per tutta la vita sono andata al mare d\u2019estate. Nella mia testa la montagna era associata alla neve e mai mi sarebbe venuto in mente di andare in vacanza d\u2019estate sui monti. Avevo il mare e le citt\u00e0 da esplorare, vuoi mettere? Con l\u2019arrivo del mio primo bimbo \u00e8 nato il&hellip;","_links":{"self":[{"href":"https:\/\/www2.summerpluskids.com\/altoadige\/wp-json\/wp\/v2\/pages\/16","targetHints":{"allow":["GET"]}}],"collection":[{"href":"https:\/\/www2.summerpluskids.com\/altoadige\/wp-json\/wp\/v2\/pages"}],"about":[{"href":"https:\/\/www2.summerpluskids.com\/altoadige\/wp-json\/wp\/v2\/types\/page"}],"author":[{"embeddable":true,"href":"https:\/\/www2.summerpluskids.com\/altoadige\/wp-json\/wp\/v2\/users\/2"}],"replies":[{"embeddable":true,"href":"https:\/\/www2.summerpluskids.com\/altoadige\/wp-json\/wp\/v2\/comments?post=16"}],"version-history":[{"count":14,"href":"https:\/\/www2.summerpluskids.com\/altoadige\/wp-json\/wp\/v2\/pages\/16\/revisions"}],"predecessor-version":[{"id":689,"href":"https:\/\/www2.summerpluskids.com\/altoadige\/wp-json\/wp\/v2\/pages\/16\/revisions\/689"}],"up":[{"embeddable":true,"href":"https:\/\/www2.summerpluskids.com\/altoadige\/wp-json\/wp\/v2\/pages\/14"}],"wp:featuredmedia":[{"embeddable":true,"href":"https:\/\/www2.summerpluskids.com\/altoadige\/wp-json\/wp\/v2\/media\/113"}],"wp:attachment":[{"href":"https:\/\/www2.summerpluskids.com\/altoadige\/wp-json\/wp\/v2\/media?parent=16"}],"curies":[{"name":"wp","href":"https:\/\/api.w.org\/{rel}","templated":true}]}}